{"id":9,"date":"2017-09-23T16:13:33","date_gmt":"2017-09-23T15:13:33","guid":{"rendered":"http:\/\/www.ksg.ro\/?page_id=9"},"modified":"2025-07-08T08:25:01","modified_gmt":"2025-07-08T07:25:01","slug":"contact","status":"publish","type":"page","link":"https:\/\/www.ksg.ro\/?page_id=9","title":{"rendered":"Contact"},"content":{"rendered":"<div class=\"entry\">\n<table width=\"100%\">\n<tbody>\n<tr>\n<td><img decoding=\"async\" title=\"graphic\" src=\"http:\/\/www.ksg.ro\/photos\/graphic.gif\" alt=\"\" width=\"40%\" height=\"3\" align=\"left\" border=\"0\" \/><\/td>\n<\/tr>\n<tr>\n<td><strong>C\u0103t\u0103lin PETRI\u015eOR<\/strong> \u2013 Romania <img loading=\"lazy\" decoding=\"async\" title=\"canada\" src=\"http:\/\/www.ksg.ro\/photos\/romania.gif\" alt=\"\" width=\"40\" height=\"20\" border=\"0\" \/><br \/>\nTel\/Fax: +40351447263<br \/>\nMobil: +40744703079<br \/>\nEmail: <a class=\"text11bold\" href=\"mailto:cpetri2@yahoo.com\">cpetri2@yahoo.com<br \/>\n<\/a><\/td>\n<\/tr>\n<p><!--\n\n\n<tr>\n\n\n<td><strong>Constantin Daniel CISMARU<\/strong> \u2013 Canada <img loading=\"lazy\" decoding=\"async\" title=\"canada\" src=\"http:\/\/www.ksg.ro\/photos\/canada.gif\" alt=\"\" width=\"40\" height=\"20\" border=\"0\" \/>\nTel\/Fax: +1 514 366 9156\nEmail: <a class=\"text11bold\" href=\"mailto:office@ksg.ro\">office@ksg.ro<\/a><\/td>\n\n\n<\/tr>\n\n\n--><\/p>\n<tr>\n<td><img loading=\"lazy\" decoding=\"async\" class=\"alignleft\" src=\"http:\/\/www.ksg.ro\/photos\/siglaKSG.gif\" alt=\"\" width=\"75\" height=\"75\" align=\"left\" \/><strong>Key <\/strong><strong>Soft Group<\/strong><br \/>\nStr. C<span lang=\"ro\">\u0103rbune\u015fti Nr. 5<\/span><span lang=\"ro\">, Craiova, Dolj<\/span>,<span lang=\"ro\"> 200366<\/span><br \/>\n<strong>Telefon \/ Fax :<\/strong>+ (40)351447263 <strong><br \/>\n<a href=\"mailto:office@ksg.ro\">office@ksg.ro<\/a><\/strong><\/td>\n<\/tr>\n<tr>\n<td><img decoding=\"async\" title=\"graphic\" src=\"http:\/\/www.ksg.ro\/photos\/graphic.gif\" alt=\"\" width=\"40%\" height=\"3\" align=\"right\" border=\"0\" \/><\/td>\n<\/tr>\n<\/tbody>\n<\/table>\n<\/div>\n","protected":false},"excerpt":{"rendered":"<p>C\u0103t\u0103lin PETRI\u015eOR \u2013 Romania Tel\/Fax: +40351447263 Mobil: +40744703079 Email: cpetri2@yahoo.com Key Soft Group Str. C\u0103rbune\u015fti Nr. 5, Craiova, Dolj, 200366 Telefon \/ Fax :+ (40)351447263 office@ksg.ro<\/p>\n<p class=\"more-link-p\"><a class=\"more-link\" href=\"https:\/\/www.ksg.ro\/?page_id=9\">Read more &rarr;<\/a><\/p>\n","protected":false},"author":1,"featured_media":0,"parent":0,"menu_order":0,"comment_status":"closed","ping_status":"closed","template":"","meta":{"footnotes":""},"class_list":["post-9","page","type-page","status-publish","hentry"],"_links":{"self":[{"href":"https:\/\/www.ksg.ro\/index.php?rest_route=\/wp\/v2\/pages\/9","targetHints":{"allow":["GET"]}}],"collection":[{"href":"https:\/\/www.ksg.ro\/index.php?rest_route=\/wp\/v2\/pages"}],"about":[{"href":"https:\/\/www.ksg.ro\/index.php?rest_route=\/wp\/v2\/types\/page"}],"author":[{"embeddable":true,"href":"https:\/\/www.ksg.ro\/index.php?rest_route=\/wp\/v2\/users\/1"}],"replies":[{"embeddable":true,"href":"https:\/\/www.ksg.ro\/index.php?rest_route=%2Fwp%2Fv2%2Fcomments&post=9"}],"version-history":[{"count":4,"href":"https:\/\/www.ksg.ro\/index.php?rest_route=\/wp\/v2\/pages\/9\/revisions"}],"predecessor-version":[{"id":123,"href":"https:\/\/www.ksg.ro\/index.php?rest_route=\/wp\/v2\/pages\/9\/revisions\/123"}],"wp:attachment":[{"href":"https:\/\/www.ksg.ro\/index.php?rest_route=%2Fwp%2Fv2%2Fmedia&parent=9"}],"curies":[{"name":"wp","href":"https:\/\/api.w.org\/{rel}","templated":true}]}}