{"id":7,"date":"2017-09-23T16:13:33","date_gmt":"2017-09-23T15:13:33","guid":{"rendered":"http:\/\/www.ksg.ro\/?page_id=7"},"modified":"2017-09-25T14:17:29","modified_gmt":"2017-09-25T13:17:29","slug":"home","status":"publish","type":"page","link":"https:\/\/www.ksg.ro\/?page_id=7","title":{"rendered":"Home"},"content":{"rendered":"<div id=\"post-731\" class=\"post-731 page type-page status-publish hentry\">\n<div class=\"entry\">\n<table width=\"100%\">\n<tbody>\n<tr>\n<td><img decoding=\"async\" title=\"graphic\" src=\"http:\/\/www.ksg.ro\/photos\/graphic.gif\" alt=\"\" width=\"40%\" height=\"3\" align=\"left\" border=\"0\" \/><\/td>\n<\/tr>\n<tr>\n<td><strong>Key Soft Group SRL<\/strong> este o firm\u00e3 rom\u00e2n\u00e3 cu capital privat \u00eenfiintat\u00e3 \u00een anul 2001 orientat\u00e3 \u00een proiectarea si dezvoltarea aplicatiilor software cu sediul \u00een Craiova, judetul Dolj. Activitatea principal\u00e3 a firmei este \u00een realizarea de aplicatii software si solutionarea problemelor \u00een domeniul IT venite din partea clientului.<\/p>\n<p><strong>Departamentul Software <\/strong><\/p>\n<table>\n<tbody>\n<tr>\n<td><img loading=\"lazy\" decoding=\"async\" src=\"http:\/\/www.ksg.ro\/photos\/soft.gif\" alt=\"\" width=\"69\" height=\"95\" border=\"0\" \/><\/td>\n<td>Departamentul Software este specializat \u00een dezvoltarea de aplicatii complexe care functioneaz\u00e3 \u00eentr-o platform\u00e3 integrat\u00e3 venind \u00een sprijinul total al clientilor nostrii. Utilizarea acestora fiind deosebit de simpl\u00e3 nefiind nevoie s\u00e3 aveti cunostiinte deosebite \u00een operarea pe calculator.<\/td>\n<\/tr>\n<\/tbody>\n<\/table>\n<p><strong>Departamentul Hardware<\/strong><\/p>\n<table>\n<tbody>\n<tr>\n<td><img loading=\"lazy\" decoding=\"async\" title=\"hard\" src=\"http:\/\/www.ksg.ro\/photos\/hard.jpg\" alt=\"\" width=\"96\" height=\"51\" border=\"0\" \/><\/td>\n<td>Departamentul Hardware este angrenat \u00een producerea echipamentelor de calcul, instalare si configurare de retele, consultant\u00e3, administrarea si service-ul acestora.<\/td>\n<\/tr>\n<\/tbody>\n<\/table>\n<\/td>\n<\/tr>\n<tr>\n<td><img decoding=\"async\" title=\"graphic\" src=\"http:\/\/www.ksg.ro\/photos\/graphic.gif\" alt=\"\" width=\"40%\" height=\"3\" align=\"right\" border=\"0\" \/><\/td>\n<\/tr>\n<\/tbody>\n<\/table>\n<\/div>\n<\/div>\n<div id=\"comments\"><\/div>\n","protected":false},"excerpt":{"rendered":"<p>Key Soft Group SRL este o firm\u00e3 rom\u00e2n\u00e3 cu capital privat \u00eenfiintat\u00e3 \u00een anul 2001 orientat\u00e3 \u00een proiectarea si dezvoltarea aplicatiilor software cu sediul \u00een Craiova, judetul Dolj. Activitatea principal\u00e3 a firmei este \u00een realizarea de aplicatii software si solutionarea&hellip;<\/p>\n<p class=\"more-link-p\"><a class=\"more-link\" href=\"https:\/\/www.ksg.ro\/?page_id=7\">Read more &rarr;<\/a><\/p>\n","protected":false},"author":1,"featured_media":0,"parent":0,"menu_order":0,"comment_status":"closed","ping_status":"closed","template":"","meta":{"footnotes":""},"class_list":["post-7","page","type-page","status-publish","hentry"],"_links":{"self":[{"href":"https:\/\/www.ksg.ro\/index.php?rest_route=\/wp\/v2\/pages\/7","targetHints":{"allow":["GET"]}}],"collection":[{"href":"https:\/\/www.ksg.ro\/index.php?rest_route=\/wp\/v2\/pages"}],"about":[{"href":"https:\/\/www.ksg.ro\/index.php?rest_route=\/wp\/v2\/types\/page"}],"author":[{"embeddable":true,"href":"https:\/\/www.ksg.ro\/index.php?rest_route=\/wp\/v2\/users\/1"}],"replies":[{"embeddable":true,"href":"https:\/\/www.ksg.ro\/index.php?rest_route=%2Fwp%2Fv2%2Fcomments&post=7"}],"version-history":[{"count":3,"href":"https:\/\/www.ksg.ro\/index.php?rest_route=\/wp\/v2\/pages\/7\/revisions"}],"predecessor-version":[{"id":88,"href":"https:\/\/www.ksg.ro\/index.php?rest_route=\/wp\/v2\/pages\/7\/revisions\/88"}],"wp:attachment":[{"href":"https:\/\/www.ksg.ro\/index.php?rest_route=%2Fwp%2Fv2%2Fmedia&parent=7"}],"curies":[{"name":"wp","href":"https:\/\/api.w.org\/{rel}","templated":true}]}}